{"id":2463,"date":"2022-04-11T13:29:31","date_gmt":"2022-04-11T10:29:31","guid":{"rendered":"https:\/\/tic-ua.com\/?page_id=2463"},"modified":"2022-04-11T13:42:19","modified_gmt":"2022-04-11T10:42:19","slug":"o-nas","status":"publish","type":"page","link":"https:\/\/tic-ua.com\/en\/o-nas\/","title":{"rendered":"About Us"},"content":{"rendered":"\n<h2 class=\"wp-block-heading\">TIC UKRAINE<\/h2>\n\n\n\n<p>Testing, Inspection and Certification (TIC) is an official representative of T\u0170V Austria in Ukraine.<\/p>\n\n\n\n<p>Customer requirements are constantly changing. What remains is the constant need for safety and quality. Our range of services in the area of testing, inspection, verification, assessment, training and continuing education as well as certification continues to develop innovatively and with anticipation of the market. T\u00dcV AUSTRIA&#8217;s range of services includes pressure equipment, plant safety and materials testing, training and development, medical technology, electrical engineering, environmental protection, Industry 4.0, Manufacturing 4.0, noise protection reports, carbon footprint assessment, personal certification, systems and product certification, as well as cybersecurity, Internet of Things, E-Mobility, AppChecks, loss adjustments, property management, calibration<\/p>\n\n\n\n<p>T\u00dcV AUSTRIA is delighted that 95 per cent of our customers are very satisfied. Tens of thousands of system and product certifications, hundreds of thousands of tests each year, more than 15,000 course participants, a full range of IT security services, number one in materials technology, a future technology research cluster and innovation make T\u00dcV AUSTRIA the leading Austrian provider of testing, inspection and certification services.<\/p>\n\n\n\n<ul class=\"wp-block-list\"><li><strong>1872:<\/strong> Founded in Vienna on June 11, 1872 as the Steam Boiler Inspection and Insurance Company (DUVG).<\/li><li><strong>1875:<\/strong> Monitors 3,000 steam boilers<\/li><li><strong>1889:<\/strong> Operates with 27 technical inspections throughout the Austro-Hungarian Empire.<\/li><li><strong>1905: <\/strong>Begins testing elevators, winches, and percussive trigger mechanisms.<\/li><li><strong>1910: <\/strong>DUVG with 1,500 technicians is the largest testing company in Europe.<\/li><li><strong>1921: <\/strong>Resumption of testing after the First World War, initially with 21 employees.<\/li><li><strong>1938:<\/strong> After Austria&#8217;s accession to the German Reich: Integration into the Reich Technical Inspection Association (RT\u00dcV).<\/li><li><strong>1940:<\/strong> Transformation of the Steam Boiler Inspection and Insurance Association (DUVG) into the Vienna Technical Inspection Board as a state corporation.<\/li><li><strong>1945: <\/strong>T\u00dcV Wien becomes an association according to Austrian law and starts testing with 32 employees.<\/li><li><strong>1955:<\/strong> Foundation of the departments &#8220;Lifts&#8221;, &#8220;Cranes and hoists&#8221;, &#8220;Electrical Engineering&#8221;, &#8220;Steam and Pressure Systems&#8221; and &#8220;Materials Testing&#8221;.<\/li><li><strong>1977: <\/strong>Foundation of the Environmental Laboratory in Wales.<\/li><li><strong>1982: <\/strong>Opening of the test center in Vienna-Inzersdorf.<\/li><li><strong>1993:<\/strong> Transformation of T\u00dcV Vienna into T\u00dcV Austria.<\/li><li><strong>1994: <\/strong>Accession of Austria to the EU opens up new opportunities outside Austria. Founding of T\u00dcV AUSTRIA Hellas in Athens, founding of UMSITEC, predecessor of T\u00dcV AUSTRIA DEUTSCHLAND GMBH in Munich<\/li><li><strong>1998:<\/strong> Acquisition of TPA KKS GmbH, Vienna.<\/li><li><strong>2000:<\/strong> Foundation of ITI Integrovana technicka inspekce spol sro in the Czech Republic, now T\u00dcV AUSTRIA Czech sro<\/li><li><strong>2006:<\/strong> founding of T\u00dcV AUSTRIA Turk and T\u00dcV AUSTRIA Romania.<\/li><li><strong>2007:<\/strong> Takeover of T\u00dcV AUSTRIA Schreiner Consulting.<\/li><li><strong>2008: <\/strong>Foundation of T\u00dcV AUSTRIA ITALIA &#8211; Blu Solutions srl.<\/li><li><strong>2009:<\/strong> founding of T\u00dcV AUSTRIA in Switzerland.<\/li><li><strong>2009:<\/strong> Establishment of T\u00dcV AUSTRIA SERVIS doo, Slovenia.<\/li><li><strong>2009:<\/strong> founding of T\u00dcV TRUST IT<\/li><li><strong>2010:<\/strong> founding of T\u00dcV AUSTRIA Shanghai, China<\/li><li><strong>2013:<\/strong> Establishment of T\u00dcV AUSTRIA inspection and certification in Pakistan.<\/li><li><strong>2014:<\/strong> Founding of T\u00dcV AUSTRIA India.<\/li><li><strong>2014:<\/strong> Participation in APICE SRL, Italy<\/li><li><strong>2015:<\/strong> Founding of T\u00dcV AUSTRIA Bangladesh, India.<\/li><li><strong>2016:<\/strong> Participation in ICEPI SPA, Italy; Opening of the T\u00dcV AUSTRIA campus in Brunn\/Berg as a modern office building and training center; Foundation of T\u00dcV AUSTRIA Cyprus; Foundation of AD Qualitas SA, Spain; Acquisition of Spieth Kathodischer Austauschschutz GmbH, Germany; Participation in VCK Betonschutz + Monitoring GmbH, Germany<\/li><li><strong>2017: <\/strong>Opening of digital acceleration incubator Next Horizon; Participation in Ingenieurb\u00fcro Moser GmbH, St. Johann\/Pg, Austria; Founding of T\u00dcV AUSTRIA &#8211; JINHUA, China; Controlling interest in Institute for Technical Research and Testing at Vienna University of Technology, transformation into T\u00dcV AUSTRIA TVFA Testing and Research GmbH; Founding of T\u00dcV AUSTRIA Azerbaijan; Founding of T\u00dcV AUSTRIA Belgium<\/li><li><strong>2018:<\/strong> Founding of T\u00dcV AUSTRIA PERSONEL Belgelendirme, Turkey; Acquisition of T\u00dcV AUSTRIA Tecnotest GmbH; Opening of T\u00dcV AUSTRIA Technology and Innovation Center in Vienna-Inzersdorf as a large testing and research cluster; Opening of the T\u00dcV AUSTRIA office in Leonding (Upper Austria) as a modern office building, training and education center; Opening of the Safe-Secure-System-Lab (S3 Lab) at the T\u00dcV AUSTRIA Technology and Innovation Center; Participation in METALogic NV, Belgium<\/li><li><strong>2019: <\/strong>Opening of the T\u00dcV AUSTRIA Competence Center for Environment and Cableway Technology in St. Johann\/Pongau; Opening of #SafeSecLab for safety-related solutions in industry with the Vienna University of Technology; Participation in SILA Kalite and SILA Industry, Turkey; Acquisition of FAWI specialist inspection for elevator systems, Switzerland<\/li><li><strong>2020:<\/strong> T\u00dcV AUSTRIA opens cyber security laboratory, Malaysia; Acquisition of SPP Handelsges.mbH, Vienna; Acquisition of Boreas SRL, Italy; Acquisition of innotec GmbH, Germany; Acquisition of Millner GmbH, Austria; Acquisition of EUROCONT T\u00fcrkiye, Turkey; Acquisition of Rothenseer Material Testing (RWP), Germany; Acquisition of FHK Technisches B\u00fcro GmbH, Austria; Foundation of TPA KKS Deutschland GmbH, Germany<\/li><li><strong>2021: <\/strong>dhpg and T\u00dcV TRUST IT establish a joint Certified Security Operations Center (CSOC), Germany; Acquisition of CIPHRON, Germany; Acquisition of SINT Technology, Italy; Acquisition of Steinbacher + Steinbacher with two new offices in Salzburg and Carinthia, Austria; Acquisition of FHK Ingenieurb\u00fcro, Austria; Acquisition of APICE, Italy; Acquisition of QCB, Italy<\/li><li><strong>2022: <\/strong>Acquisition of Applied Statistics \/ T\u00dcV AUSTRIA Data Intelligence, Austria; Acquisition of Global Inspection Services (GIS), Spain; T\u00dcV AUSTRIA is a &#8220;top employer&#8221; and among the top 30 employers in Austria.<\/li><\/ul>\n","protected":false},"excerpt":{"rendered":"<p>TIC UKRAINE Testing, Inspection and Certification (TIC) is an official representative of T\u0170V Austria in Ukraine. Customer requirements are constantly&#8230;<\/p>\n","protected":false},"author":5,"featured_media":0,"parent":0,"menu_order":0,"comment_status":"closed","ping_status":"closed","template":"","meta":{"_acf_changed":false,"footnotes":""},"class_list":["post-2463","page","type-page","status-publish","hentry"],"acf":[],"featured_image_src":null,"yoast_head":"<!-- This site is optimized with the Yoast SEO plugin v27.5 - https:\/\/yoast.com\/product\/yoast-seo-wordpress\/ -->\n<title>About Us | TIC - TUV Austria \u0441\u0435\u0440\u0442\u0438\u0444\u0456\u043a\u0430\u0446\u0456\u044f<\/title>\n<meta name=\"robots\" content=\"index, follow, max-snippet:-1, max-image-preview:large, max-video-preview:-1\" \/>\n<link rel=\"canonical\" href=\"https:\/\/tic-ua.com\/en\/o-nas\/\" \/>\n<meta property=\"og:locale\" content=\"en_US\" \/>\n<meta property=\"og:type\" content=\"article\" \/>\n<meta property=\"og:title\" content=\"About Us | TIC - TUV Austria \u0441\u0435\u0440\u0442\u0438\u0444\u0456\u043a\u0430\u0446\u0456\u044f\" \/>\n<meta property=\"og:description\" content=\"TIC UKRAINE Testing, Inspection and Certification (TIC) is an official representative of T\u0170V Austria in Ukraine. Customer requirements are constantly...\" \/>\n<meta property=\"og:url\" content=\"https:\/\/tic-ua.com\/en\/o-nas\/\" \/>\n<meta property=\"og:site_name\" content=\"TIC - TUV Austria \u0441\u0435\u0440\u0442\u0438\u0444\u0456\u043a\u0430\u0446\u0456\u044f\" \/>\n<meta property=\"article:publisher\" content=\"https:\/\/www.facebook.com\/TIC.Ukraine\" \/>\n<meta property=\"article:modified_time\" content=\"2022-04-11T10:42:19+00:00\" \/>\n<meta name=\"twitter:card\" content=\"summary_large_image\" \/>\n<!-- \/ Yoast SEO plugin. -->","yoast_head_json":{"title":"About Us | TIC - TUV Austria \u0441\u0435\u0440\u0442\u0438\u0444\u0456\u043a\u0430\u0446\u0456\u044f","robots":{"index":"index","follow":"follow","max-snippet":"max-snippet:-1","max-image-preview":"max-image-preview:large","max-video-preview":"max-video-preview:-1"},"canonical":"https:\/\/tic-ua.com\/en\/o-nas\/","og_locale":"en_US","og_type":"article","og_title":"About Us | TIC - TUV Austria \u0441\u0435\u0440\u0442\u0438\u0444\u0456\u043a\u0430\u0446\u0456\u044f","og_description":"TIC UKRAINE Testing, Inspection and Certification (TIC) is an official representative of T\u0170V Austria in Ukraine. Customer requirements are constantly...","og_url":"https:\/\/tic-ua.com\/en\/o-nas\/","og_site_name":"TIC - TUV Austria \u0441\u0435\u0440\u0442\u0438\u0444\u0456\u043a\u0430\u0446\u0456\u044f","article_publisher":"https:\/\/www.facebook.com\/TIC.Ukraine","article_modified_time":"2022-04-11T10:42:19+00:00","twitter_card":"summary_large_image","schema":{"@context":"https:\/\/schema.org","@graph":[{"@type":"WebPage","@id":"https:\/\/tic-ua.com\/en\/o-nas\/","url":"https:\/\/tic-ua.com\/en\/o-nas\/","name":"About Us | TIC - TUV Austria \u0441\u0435\u0440\u0442\u0438\u0444\u0456\u043a\u0430\u0446\u0456\u044f","isPartOf":{"@id":"https:\/\/tic-ua.com\/#website"},"datePublished":"2022-04-11T10:29:31+00:00","dateModified":"2022-04-11T10:42:19+00:00","breadcrumb":{"@id":"https:\/\/tic-ua.com\/en\/o-nas\/#breadcrumb"},"inLanguage":"en-US","potentialAction":[{"@type":"ReadAction","target":["https:\/\/tic-ua.com\/en\/o-nas\/"]}]},{"@type":"BreadcrumbList","@id":"https:\/\/tic-ua.com\/en\/o-nas\/#breadcrumb","itemListElement":[{"@type":"ListItem","position":1,"name":"Home","item":"https:\/\/tic-ua.com\/en\/"},{"@type":"ListItem","position":2,"name":"About Us"}]},{"@type":"WebSite","@id":"https:\/\/tic-ua.com\/#website","url":"https:\/\/tic-ua.com\/","name":"TIC - T\u00dcV Austria \u0441\u0435\u0440\u0442\u0438\u0444\u0456\u043a\u0430\u0446\u0456\u044f ISO","description":"TIC UKRAINE - \u043e\u0444\u0456\u0446\u0456\u0439\u043d\u0438\u0439 \u043f\u0440\u0435\u0434\u0441\u0442\u0430\u0432\u043d\u0438\u043a \u0441\u0435\u0440\u0442\u0438\u0444\u0456\u043a\u0430\u0446\u0456\u0439\u043d\u043e\u0433\u043e \u043e\u0440\u0433\u0430\u043d\u0443 TUV Austria","publisher":{"@id":"https:\/\/tic-ua.com\/#organization"},"potentialAction":[{"@type":"SearchAction","target":{"@type":"EntryPoint","urlTemplate":"https:\/\/tic-ua.com\/?s={search_term_string}"},"query-input":{"@type":"PropertyValueSpecification","valueRequired":true,"valueName":"search_term_string"}}],"inLanguage":"en-US"},{"@type":"Organization","@id":"https:\/\/tic-ua.com\/#organization","name":"TIC Ukraine - T\u00dcV Austria \u0421\u0435\u0440\u0442\u0438\u0444\u0456\u043a\u0430\u0446\u0456\u044f ISO","alternateName":"TIC Ukraine","url":"https:\/\/tic-ua.com\/","logo":{"@type":"ImageObject","inLanguage":"en-US","@id":"https:\/\/tic-ua.com\/#\/schema\/logo\/image\/","url":"https:\/\/tic-ua.com\/wp-content\/uploads\/2025\/01\/200h200-tic-logo.jpg","contentUrl":"https:\/\/tic-ua.com\/wp-content\/uploads\/2025\/01\/200h200-tic-logo.jpg","width":200,"height":200,"caption":"TIC Ukraine - T\u00dcV Austria \u0421\u0435\u0440\u0442\u0438\u0444\u0456\u043a\u0430\u0446\u0456\u044f ISO"},"image":{"@id":"https:\/\/tic-ua.com\/#\/schema\/logo\/image\/"},"sameAs":["https:\/\/www.facebook.com\/TIC.Ukraine"]}]}},"_links":{"self":[{"href":"https:\/\/tic-ua.com\/en\/wp-json\/wp\/v2\/pages\/2463","targetHints":{"allow":["GET"]}}],"collection":[{"href":"https:\/\/tic-ua.com\/en\/wp-json\/wp\/v2\/pages"}],"about":[{"href":"https:\/\/tic-ua.com\/en\/wp-json\/wp\/v2\/types\/page"}],"author":[{"embeddable":true,"href":"https:\/\/tic-ua.com\/en\/wp-json\/wp\/v2\/users\/5"}],"replies":[{"embeddable":true,"href":"https:\/\/tic-ua.com\/en\/wp-json\/wp\/v2\/comments?post=2463"}],"version-history":[{"count":0,"href":"https:\/\/tic-ua.com\/en\/wp-json\/wp\/v2\/pages\/2463\/revisions"}],"wp:attachment":[{"href":"https:\/\/tic-ua.com\/en\/wp-json\/wp\/v2\/media?parent=2463"}],"curies":[{"name":"wp","href":"https:\/\/api.w.org\/{rel}","templated":true}]}}